{"id":5877,"date":"2024-05-28T13:49:06","date_gmt":"2024-05-28T17:49:06","guid":{"rendered":"https:\/\/constructionrdil.webici.ca\/?page_id=5877"},"modified":"2025-11-06T14:05:00","modified_gmt":"2025-11-06T19:05:00","slug":"merci","status":"publish","type":"page","link":"https:\/\/constructionrdil.webici.ca\/en\/merci\/","title":{"rendered":"Merci"},"content":{"rendered":"<section class=\"bde-section-5877-100 bde-section\">\n  \n  \n\t\n\n\n\n        <div class=\"section-shape-divider-wrapper section-shape-divider-wrapper--1\">\n          <span class=\"section-shape-divider\">\n                      <svg\n                xmlns=\"http:\/\/www.w3.org\/2000\/svg\"\n                viewbox=\"0 0 1440 320\"\n                preserveaspectratio=\"none\"\n            >\n              <path fill=\"currentColor\" fill-opacity=\"1\" d=\"M0,288L1440,0L1440,320L0,320Z\"><\/path>\n            <\/svg>\n                    <\/span>\n      <\/div>\n  <div class=\"section-container\"><div class=\"bde-div-5877-101 bde-div\">\n  \n  \n\t\n\n\n\n<h1 class=\"bde-heading-5877-108 bde-heading\">\nMerci de nous avoir contact\u00e9s!\n<\/h1><div class=\"bde-text-5877-105 bde-text\">\nNous avons bien re\u00e7u votre demande et nous vous contacterons dans les plus brefs d\u00e9lais. En attendant, n'h\u00e9sitez pas \u00e0 explorer notre site pour en savoir plus sur nos services. Nous vous remercions de votre confiance!\n<\/div><div class=\"bde-button-5877-116 bde-button\">\n    \n                                    \n    \n    \n    \n    \n            \n                    \n            \n            \n\n    \n    \n    \n    \n    \n    <a class=\"breakdance-link button-atom button-atom--primary bde-button__button\" href=\"https:\/\/constructionrdil.webici.ca\/en\/\" target=\"_self\" data-type=\"url\"  >\n\n    \n        <span class=\"button-atom__text\">Return to homepage<\/span>\n\n        \n        \n                <\/a>\n\n    \n\n\n<\/div>\n<\/div><\/div>\n<\/section>","protected":false},"excerpt":{"rendered":"<p>Merci de nous avoir contact\u00e9s! Nous avons bien re\u00e7u votre demande et nous vous contacterons dans les plus brefs d\u00e9lais. En attendant, n&rsquo;h\u00e9sitez pas \u00e0 explorer notre site pour en savoir plus sur nos services. Nous vous remercions de votre confiance! Revenir \u00e0 l&rsquo;accueil<\/p>","protected":false},"author":1,"featured_media":0,"parent":0,"menu_order":0,"comment_status":"closed","ping_status":"closed","template":"","meta":{"_acf_changed":false,"_breakdance_hide_in_design_set":false,"_breakdance_tags":"","footnotes":""},"class_list":["post-5877","page","type-page","status-publish","hentry"],"acf":[],"_links":{"self":[{"href":"https:\/\/constructionrdil.webici.ca\/en\/wp-json\/wp\/v2\/pages\/5877","targetHints":{"allow":["GET"]}}],"collection":[{"href":"https:\/\/constructionrdil.webici.ca\/en\/wp-json\/wp\/v2\/pages"}],"about":[{"href":"https:\/\/constructionrdil.webici.ca\/en\/wp-json\/wp\/v2\/types\/page"}],"author":[{"embeddable":true,"href":"https:\/\/constructionrdil.webici.ca\/en\/wp-json\/wp\/v2\/users\/1"}],"replies":[{"embeddable":true,"href":"https:\/\/constructionrdil.webici.ca\/en\/wp-json\/wp\/v2\/comments?post=5877"}],"version-history":[{"count":5,"href":"https:\/\/constructionrdil.webici.ca\/en\/wp-json\/wp\/v2\/pages\/5877\/revisions"}],"predecessor-version":[{"id":13063,"href":"https:\/\/constructionrdil.webici.ca\/en\/wp-json\/wp\/v2\/pages\/5877\/revisions\/13063"}],"wp:attachment":[{"href":"https:\/\/constructionrdil.webici.ca\/en\/wp-json\/wp\/v2\/media?parent=5877"}],"curies":[{"name":"wp","href":"https:\/\/api.w.org\/{rel}","templated":true}]}}